{"id":1858,"date":"2022-10-27T12:26:27","date_gmt":"2022-10-27T15:26:27","guid":{"rendered":"https:\/\/navarro.gob.ar\/areas\/?page_id=1858"},"modified":"2025-02-12T12:24:13","modified_gmt":"2025-02-12T15:24:13","slug":"cel","status":"publish","type":"page","link":"https:\/\/navarro.gob.ar\/areas\/cel\/","title":{"rendered":"Centro Emisor de Licencias"},"content":{"rendered":"\t\t<div data-elementor-type=\"wp-page\" data-elementor-id=\"1858\" class=\"elementor elementor-1858\" data-elementor-post-type=\"page\">\n\t\t\t\t\t\t<section class=\"elementor-section elementor-top-section elementor-element elementor-element-6c29980 elementor-section-full_width elementor-section-height-default elementor-section-height-default\" data-id=\"6c29980\" data-element_type=\"section\" data-settings=\"{&quot;background_background&quot;:&quot;classic&quot;}\">\n\t\t\t\t\t\t<div class=\"elementor-container elementor-column-gap-default\">\n\t\t\t\t\t<div class=\"elementor-column elementor-col-100 elementor-top-column elementor-element elementor-element-56e6611\" data-id=\"56e6611\" data-element_type=\"column\" data-settings=\"{&quot;background_background&quot;:&quot;classic&quot;}\">\n\t\t\t<div class=\"elementor-widget-wrap elementor-element-populated\">\n\t\t\t\t\t\t<div class=\"elementor-element elementor-element-c73f499 elementor-widget elementor-widget-spacer\" data-id=\"c73f499\" data-element_type=\"widget\" data-widget_type=\"spacer.default\">\n\t\t\t\t<div class=\"elementor-widget-container\">\n\t\t\t\t\t\t\t<div class=\"elementor-spacer\">\n\t\t\t<div class=\"elementor-spacer-inner\"><\/div>\n\t\t<\/div>\n\t\t\t\t\t\t<\/div>\n\t\t\t\t<\/div>\n\t\t\t\t<div class=\"elementor-element elementor-element-334efa8 elementor-align-center elementor-widget elementor-widget-button\" data-id=\"334efa8\" data-element_type=\"widget\" data-widget_type=\"button.default\">\n\t\t\t\t<div class=\"elementor-widget-container\">\n\t\t\t\t\t\t\t\t\t<div class=\"elementor-button-wrapper\">\n\t\t\t\t\t<a class=\"elementor-button elementor-button-link elementor-size-sm\" href=\"https:\/\/navarro.gob.ar\/centro-emisor-de-licencias\/\">\n\t\t\t\t\t\t<span class=\"elementor-button-content-wrapper\">\n\t\t\t\t\t\t\t\t\t<span class=\"elementor-button-text\">Regresar<\/span>\n\t\t\t\t\t<\/span>\n\t\t\t\t\t<\/a>\n\t\t\t\t<\/div>\n\t\t\t\t\t\t\t\t<\/div>\n\t\t\t\t<\/div>\n\t\t\t\t<div class=\"elementor-element elementor-element-ab8d73b elementor-widget elementor-widget-heading\" data-id=\"ab8d73b\" data-element_type=\"widget\" data-widget_type=\"heading.default\">\n\t\t\t\t<div class=\"elementor-widget-container\">\n\t\t\t\t\t<h2 class=\"elementor-heading-title elementor-size-default\">Menores de 70 a\u00f1os deben presentar una direcci\u00f3n de mail y su cuil al momento de realizar el tr\u00e1mite<\/h2>\t\t\t\t<\/div>\n\t\t\t\t<\/div>\n\t\t\t\t<div class=\"elementor-element elementor-element-6ba8e1c elementor-widget elementor-widget-heading\" data-id=\"6ba8e1c\" data-element_type=\"widget\" data-widget_type=\"heading.default\">\n\t\t\t\t<div class=\"elementor-widget-container\">\n\t\t\t\t\t<h2 class=\"elementor-heading-title elementor-size-default\">Para dudas o consultas comunicarse con el centro emisor de licencias<\/h2>\t\t\t\t<\/div>\n\t\t\t\t<\/div>\n\t\t\t\t<section class=\"elementor-section elementor-inner-section elementor-element elementor-element-13619ca elementor-section-boxed elementor-section-height-default elementor-section-height-default\" data-id=\"13619ca\" data-element_type=\"section\">\n\t\t\t\t\t\t<div class=\"elementor-container elementor-column-gap-default\">\n\t\t\t\t\t<div class=\"elementor-column elementor-col-100 elementor-inner-column elementor-element elementor-element-e1838f0\" data-id=\"e1838f0\" data-element_type=\"column\">\n\t\t\t<div class=\"elementor-widget-wrap elementor-element-populated\">\n\t\t\t\t\t\t<div class=\"elementor-element elementor-element-68930c9 elementor-widget elementor-widget-shortcode\" data-id=\"68930c9\" data-element_type=\"widget\" data-widget_type=\"shortcode.default\">\n\t\t\t\t<div class=\"elementor-widget-container\">\n\t\t\t\t\t\t\t<div class=\"elementor-shortcode\"><script>var ea_settings = {\"trans.service\":\"Servicio\",\"trans.location\":\"Locacion\",\"trans.worker\":\"Empleado\",\"trans.done_message\":\"Realizado\",\"time_format\":\"h:mm a\",\"trans.currency\":\"\",\"price.hide\":\"1\",\"price.hide.service\":\"1\",\"datepicker\":\"es\",\"form.label.above\":\"1\",\"show.iagree\":\"0\",\"cancel.scroll\":\"calendar\",\"compatibility.mode\":\"0\",\"css.off\":\"0\",\"submit.redirect\":\"\",\"advance.redirect\":\"[]\",\"advance_cancel.redirect\":\"[]\",\"block.time\":\"0\",\"max.appointments\":\"50\",\"pre.reservation\":\"0\",\"currency.before\":\"0\",\"gdpr.on\":\"0\",\"gdpr.label\":\"By using this form you agree with the storage and handling of your data by this website.\",\"gdpr.link\":\"\",\"gdpr.message\":\"You need to accept the privacy checkbox\",\"sort.workers-by\":null,\"sort.services-by\":null,\"sort.locations-by\":null,\"order.workers-by\":null,\"order.services-by\":null,\"order.locations-by\":null,\"captcha.site-key\":\"\",\"captcha3.site-key\":\"\",\"label.from_to\":\"1\",\"check\":\"86ac8253f0\",\"scroll_off\":false,\"start_of_week\":\"1\",\"default_date\":\"2026-04-12\",\"min_date\":null,\"max_date\":null,\"show_remaining_slots\":\"0\",\"save_form_content\":true,\"show_week\":\"0\",\"trans.please-select-new-date\":\"Por favor, elige otro d\\u00eda\",\"trans.date-time\":\"Fecha y hora\",\"trans.price\":\"Precio\",\"date_format\":\"D MMMM, YYYY\",\"default_datetime_format\":\"YYYY-MM-DD HH:mm\",\"trans.nonce-expired\":\"C\\u00f3digo de validaci\\u00f3n de formulario caducado. Por favor, actualiza la p\\u00e1gina para continuar.\",\"trans.internal-error\":\"Error interno. Por favor, int\\u00e9ntalo de nuevo m\\u00e1s tarde.\",\"trans.ajax-call-not-available\":\"No se ha podido hacer la petici\\u00f3n ajax. Int\\u00e9ntalo m\\u00e1s tarde.\"};<\/script><script>var ea_vacations = [{\"days\":[\"2026-04-03\"],\"title\":\"licencias \",\"tooltip\":\"pascuas\",\"workers\":[{\"id\":\"1\",\"name\":\"Licencias\",\"description\":\"Navarro\",\"email\":\"cel@navarro.gob.ar\",\"phone\":\"2272431060\"}],\"id\":\"7d882a7b-80a4-44a2-bf7f-fb585867184f\"},{\"days\":[\"2026-04-02\"],\"title\":\"licencias \",\"workers\":[{\"id\":\"1\",\"name\":\"Licencias\",\"description\":\"Navarro\",\"email\":\"cel@navarro.gob.ar\",\"phone\":\"2272431060\"}],\"tooltip\":\"pascuas \",\"id\":\"415a776e-77bd-4458-9399-0ea19dfabbb9\"},{\"title\":\"dia de la memoria \",\"tooltip\":\"renovacion \",\"workers\":[{\"id\":\"1\",\"name\":\"Licencias\",\"description\":\"Navarro\",\"email\":\"cel@navarro.gob.ar\",\"phone\":\"2272431060\"}],\"days\":[\"2026-03-24\"],\"id\":\"ca67c5ce-7f2d-436c-b0e7-4af0b7da7151\"},{\"tooltip\":\"licencias\",\"title\":\"dia de la memoria\",\"days\":[\"2026-03-23\"],\"workers\":[{\"id\":\"1\",\"name\":\"Licencias\",\"description\":\"Navarro\",\"email\":\"cel@navarro.gob.ar\",\"phone\":\"2272431060\"}],\"id\":\"b733f8a5-8862-4f7c-8a07-be61c9c434a7\"},{\"days\":[\"2026-02-17\"],\"workers\":[{\"id\":\"1\",\"name\":\"Licencias\",\"description\":\"Navarro\",\"email\":\"cel@navarro.gob.ar\",\"phone\":\"2272431060\"}],\"tooltip\":\"feriado\",\"title\":\"feriado\",\"id\":\"eddcdedc-5674-495c-a523-644d431958b0\"},{\"title\":\"feriado\",\"tooltip\":\"nuevas licencias\",\"workers\":[{\"id\":\"1\",\"name\":\"Licencias\",\"description\":\"Navarro\",\"email\":\"cel@navarro.gob.ar\",\"phone\":\"2272431060\"}],\"days\":[\"2026-02-16\"],\"id\":\"cb9ada7d-1160-4373-99aa-6d065b81c8fd\"},{\"title\":\"FERIADO\",\"tooltip\":\"licencias\",\"workers\":[{\"id\":\"1\",\"name\":\"Licencias\",\"description\":\"Navarro\",\"email\":\"cel@navarro.gob.ar\",\"phone\":\"2272431060\"}],\"days\":[\"2025-04-30\",\"2025-05-01\",\"2025-05-02\",\"2025-10-09\"],\"id\":\"91565f5e-cdb4-48cb-bcfd-7386c7b78137\"},{\"title\":\"pascuas\",\"tooltip\":\"nuevas licencias\",\"workers\":[{\"id\":\"1\",\"name\":\"Licencias\",\"description\":\"Navarro\",\"email\":\"cel@navarro.gob.ar\",\"phone\":\"2272431060\"}],\"days\":[\"2025-04-17\",\"2025-04-18\"],\"id\":\"3aa21a0f-2369-434d-9bec-b0e6430dc23a\"},{\"title\":\"reservados\",\"tooltip\":\"nueva licencias\",\"workers\":[{\"id\":\"1\",\"name\":\"Licencias\",\"description\":\"Navarro\",\"email\":\"cel@navarro.gob.ar\",\"phone\":\"2272431060\"}],\"days\":[\"2025-02-12\",\"2025-02-13\",\"2025-02-14\",\"2025-02-15\",\"2025-02-16\",\"2025-02-17\",\"2025-02-18\",\"2025-02-19\",\"2025-02-20\",\"2025-02-21\",\"2025-02-22\",\"2025-02-23\",\"2025-02-24\",\"2025-02-25\",\"2025-02-26\",\"2025-02-27\",\"2025-02-28\",\"2025-03-01\",\"2025-03-02\",\"2025-03-03\",\"2025-03-04\",\"2025-03-05\",\"2025-03-06\",\"2025-03-07\",\"2025-03-08\",\"2025-03-09\",\"2025-03-10\",\"2025-03-11\",\"2025-03-12\",\"2025-03-13\",\"2025-03-14\",\"2025-03-15\"],\"id\":\"26e6db3b-7874-4c68-86cb-695cf1f33dc3\"}];<\/script><style><\/style><script type=\"text\/template\" id=\"ea-appointments-overview\"> <small><%- settings['trans.overview-message'] %><\/small> <table> <tbody> <% if(settings['rtl'] == '1') { %> <% if(data.location.indexOf('_') !== 0) { %> <tr class=\"row-location\"> <td class=\"ea-label\"><%- settings['trans.location'] %><\/td> <td class=\"value\"><%- data.location %><\/td> <\/tr> <% } %> <% if(data.service.indexOf('_') !== 0) { %> <tr class=\"row-service\"> <td class=\"ea-label\"><%- settings['trans.service'] %><\/td> <td class=\"value\"><%- data.service %><\/td> <\/tr> <% } %> <% if(data.worker.indexOf('_') !== 0) { %> <tr class=\"row-worker\"> <td class=\"ea-label\"><%- settings['trans.worker'] %><\/td> <td class=\"value\"><%- data.worker %><\/td> <\/tr> <% } %> <% if (settings['price.hide'] !== '1') { %> <tr class=\"row-price\"> <td class=\"ea-label\"><%- settings['trans.price'] %><\/td> <td class=\"value\"><%- data.price%> <%- settings['trans.currency'] %><\/td> <\/tr> <% } %> <tr class=\"row-datetime\"> <td class=\"ea-label\"><%- settings['trans.date-time'] %><\/td> <td class=\"value\"><%- data.date %> <%- data.time %><\/td> <\/tr> <% } else { %> <% if(data.location.indexOf('_') !== 0) { %> <tr class=\"row-location\"> <td class=\"ea-label\"><%- settings['trans.location'] %><\/td> <td class=\"value\"><%- data.location %><\/td> <\/tr> <% } %> <% if(data.service.indexOf('_') !== 0) { %> <tr class=\"row-service\"> <td class=\"ea-label\"><%- settings['trans.service'] %><\/td> <td class=\"value\"><%- data.service %><\/td> <\/tr> <% } %> <% if(data.worker.indexOf('_') !== 0) { %> <tr class=\"row-worker\"> <td class=\"ea-label\"><%- settings['trans.worker'] %><\/td> <td class=\"value\"><%- data.worker %><\/td> <\/tr> <% } %> <% if (settings['price.hide'] !== '1') { %> <tr class=\"row-price\"> <td class=\"ea-label\"><%- settings['trans.price'] %><\/td> <% if (settings['currency.before'] == '1') { %> <td class=\"value\"><%- settings['trans.currency'] %><%- data.price %><\/td> <% } else { %> <td class=\"value\"><%- data.price %><%- settings['trans.currency'] %><\/td> <% } %> <\/tr> <% } %> <tr class=\"row-datetime\"> <td class=\"ea-label\"><%- settings['trans.date-time'] %><\/td> <td class=\"value\"><%- data.date_time %><\/td> <\/tr> <% } %> <\/tbody> <\/table> <div id=\"ea-total-amount\" style=\"display: none;\" data-total=\"<%- data.price %>\"><\/div> <\/script> <script type=\"text\/javascript\"> var ea_ajaxurl = \"https:\/\/navarro.gob.ar\/areas\/wp-admin\/admin-ajax.php\"; <\/script> <div class=\"ea-standard\"> <form> <div class=\"step\"> <div class=\"block\"><\/div> <label class=\"ea-label\">Locacion<\/label><select name=\"location\" data-c=\"location\" class=\"filter\"><option value='1' selected='selected'>Centro Emisor de Licencias<\/option><\/select> <\/div> <div class=\"step\"> <div class=\"block\"><\/div> <label class=\"ea-label\">Servicio<\/label><select name=\"service\" data-c=\"service\" class=\"filter\" data-currency=\"\"><option value='' selected='selected'>-<\/option><option data-duration='15' data-slot_step='15' value='2'>Nueva Licencia<\/option><option data-duration='15' data-slot_step='15' value='1'>Renovaci\u00f3n de Licencia<\/option><\/select> <\/div> <div class=\"step\"> <div class=\"block\"><\/div> <label class=\"ea-label\">Empleado<\/label><select name=\"worker\" data-c=\"worker\" class=\"filter\"><option value='1' selected='selected'>Licencias<\/option><\/select> <\/div> <div class=\"step calendar\" class=\"filter\"> <div class=\"block\"><\/div> <div class=\"date\"><\/div> <\/div> <div class=\"step\" class=\"filter\"> <div class=\"block\"><\/div> <div class=\"time\"><\/div> <\/div> <div class=\"step final\"> <div class=\"block\"><\/div> <p class=\"section\">Informaci\u00f3n personal<\/p> <small>Los campos con * son obligatorios<\/small> <br> <p><label>Correo electr\u00f3nico * : <\/label><input class=\"custom-field\" type=\"text\" name=\"mail\" data-rule-required=\"true\" data-msg-required=\"Este campo es obligatorio.\" data-msg-email=\"Por favor, introduce una direcci\u00f3n de correo electr\u00f3nico v\u00e1lida\" data-rule-email=\"true\" \/><\/p><p><label>Nombre y apellido * : <\/label><input class=\"custom-field\" type=\"text\" name=\"name\" data-rule-required=\"true\" data-msg-required=\"Este campo es obligatorio.\" \/><\/p><p><label>Celular * : <\/label><input class=\"custom-field\" type=\"text\" name=\"phone\" data-rule-required=\"true\" data-msg-required=\"Este campo es obligatorio.\" \/><\/p><p><label>DNI * : <\/label><input class=\"custom-field\" type=\"text\" name=\"dni\" data-rule-required=\"true\" data-msg-required=\"Este campo es obligatorio.\" \/><\/p> <br> <p class=\"section\">Resumen de la reserva<\/p> <div id=\"booking-overview\"><\/div> <div style=\"display: inline-flex;\"> <button class=\"ea-btn ea-submit\">Enviar<\/button> <button class=\"ea-btn ea-cancel\">Cancelar<\/button> <\/div> <\/div> <\/form> <div id=\"ea-loader\"><\/div> <\/div> <\/div>\n\t\t\t\t\t\t<\/div>\n\t\t\t\t<\/div>\n\t\t\t\t<div class=\"elementor-element elementor-element-10e93c7 elementor-widget elementor-widget-spacer\" data-id=\"10e93c7\" data-element_type=\"widget\" data-widget_type=\"spacer.default\">\n\t\t\t\t<div class=\"elementor-widget-container\">\n\t\t\t\t\t\t\t<div class=\"elementor-spacer\">\n\t\t\t<div class=\"elementor-spacer-inner\"><\/div>\n\t\t<\/div>\n\t\t\t\t\t\t<\/div>\n\t\t\t\t<\/div>\n\t\t\t\t\t<\/div>\n\t\t<\/div>\n\t\t\t\t\t<\/div>\n\t\t<\/section>\n\t\t\t\t\t<\/div>\n\t\t<\/div>\n\t\t\t\t\t<\/div>\n\t\t<\/section>\n\t\t\t\t<section class=\"elementor-section elementor-top-section elementor-element elementor-element-9ce2eaf elementor-section-boxed elementor-section-height-default elementor-section-height-default\" data-id=\"9ce2eaf\" data-element_type=\"section\" data-settings=\"{&quot;background_background&quot;:&quot;classic&quot;}\">\n\t\t\t\t\t\t<div class=\"elementor-container elementor-column-gap-default\">\n\t\t\t\t\t<div class=\"elementor-column elementor-col-100 elementor-top-column elementor-element elementor-element-0d9449b\" data-id=\"0d9449b\" data-element_type=\"column\">\n\t\t\t<div class=\"elementor-widget-wrap elementor-element-populated\">\n\t\t\t\t\t\t<div class=\"elementor-element elementor-element-02a7a56 elementor-widget elementor-widget-heading\" data-id=\"02a7a56\" data-element_type=\"widget\" data-widget_type=\"heading.default\">\n\t\t\t\t<div class=\"elementor-widget-container\">\n\t\t\t\t\t<h2 class=\"elementor-heading-title elementor-size-default\"><img decoding=\"async\" role=\"img\" class=\"emoji\" alt=\"\ud83d\udc68\u200d\ud83d\udcbb\" src=\"https:\/\/s.w.org\/images\/core\/emoji\/14.0.0\/svg\/1f468-200d-1f4bb.svg\">  Direcci\u00f3n de <b>Modernizaci\u00f3n<\/b><\/h2>\t\t\t\t<\/div>\n\t\t\t\t<\/div>\n\t\t\t\t\t<\/div>\n\t\t<\/div>\n\t\t\t\t\t<\/div>\n\t\t<\/section>\n\t\t\t\t<\/div>\n\t\t","protected":false},"excerpt":{"rendered":"<p>Regresar Menores de 70 a\u00f1os deben presentar una direcci\u00f3n de mail y su cuil al momento de realizar el tr\u00e1mite Para dudas o consultas comunicarse con el centro emisor de licencias Direcci\u00f3n de Modernizaci\u00f3n<\/p>\n","protected":false},"author":1,"featured_media":0,"parent":0,"menu_order":0,"comment_status":"closed","ping_status":"closed","template":"elementor_header_footer","meta":{"footnotes":""},"class_list":["post-1858","page","type-page","status-publish","hentry"],"_links":{"self":[{"href":"https:\/\/navarro.gob.ar\/areas\/wp-json\/wp\/v2\/pages\/1858","targetHints":{"allow":["GET"]}}],"collection":[{"href":"https:\/\/navarro.gob.ar\/areas\/wp-json\/wp\/v2\/pages"}],"about":[{"href":"https:\/\/navarro.gob.ar\/areas\/wp-json\/wp\/v2\/types\/page"}],"author":[{"embeddable":true,"href":"https:\/\/navarro.gob.ar\/areas\/wp-json\/wp\/v2\/users\/1"}],"replies":[{"embeddable":true,"href":"https:\/\/navarro.gob.ar\/areas\/wp-json\/wp\/v2\/comments?post=1858"}],"version-history":[{"count":462,"href":"https:\/\/navarro.gob.ar\/areas\/wp-json\/wp\/v2\/pages\/1858\/revisions"}],"predecessor-version":[{"id":13131,"href":"https:\/\/navarro.gob.ar\/areas\/wp-json\/wp\/v2\/pages\/1858\/revisions\/13131"}],"wp:attachment":[{"href":"https:\/\/navarro.gob.ar\/areas\/wp-json\/wp\/v2\/media?parent=1858"}],"curies":[{"name":"wp","href":"https:\/\/api.w.org\/{rel}","templated":true}]}}